{"id":58,"date":"2020-05-03T10:47:25","date_gmt":"2020-05-03T10:47:25","guid":{"rendered":"http:\/\/chiara-alessia.de\/?page_id=58"},"modified":"2020-05-03T11:01:26","modified_gmt":"2020-05-03T11:01:26","slug":"impressum","status":"publish","type":"page","link":"https:\/\/ferienhaus-penkert.de\/?page_id=58","title":{"rendered":"Impressum"},"content":{"rendered":"\n<p>Ferienhaus Penkert<br>Matthias Penkert<\/p>\n\n\n\n<p>Deckerstra\u00dfe 59, 08648 Hohendorf<br>Telefon: 037438-22314<br>Fax: 037438-22316<\/p>\n\n\n\n<p>Internet: www.ferienhaus-penkert.de<br>E-Mail: matthias.penkert@t-online.de<\/p>\n\n\n\n<p><strong>Konzeption, Layout<\/strong><br>privat<\/p>\n\n\n\n<p><strong>Hosting, Homepage-Baukasten<\/strong><br>by wordPress<\/p>\n\n\n\n<p><strong>Haftung f\u00fcr Inhalte<\/strong><br>Die Inhalte unserer Seiten wurden mit gr\u00f6\u00dfter Sorgfalt erstellt. F\u00fcr die Richtigkeit, Vollst\u00e4ndigkeit und Aktualit\u00e4t der Inhalte k\u00f6nnen wir jedoch keine Gew\u00e4hr \u00fcbernehmen.<\/p>\n\n\n\n<p>Als Diensteanbieter sind wir gem\u00e4\u00df \u00a7 6 Abs.1 MDStV und \u00a7 8 Abs.1 TDG f\u00fcr eigene Inhalte auf diesen Seiten nach den allgemeinen Gesetzen verantwortlich. Diensteanbieter sind jedoch nicht verpflichtet, die<br>von ihnen \u00fcbermittelten oder gespeicherten fremden Informationen zu \u00fcberwachen oder nach Umst\u00e4nden zu forschen, die auf eine rechtswidrige T\u00e4tigkeit hinweisen. Verpflichtungen zur Entfernung oder Sperrung der Nutzung von Informationen nach den allgemeinen Gesetzen bleiben hiervon unber\u00fchrt. Eine diesbez\u00fcgliche Haftung ist jedoch erst ab dem Zeitpunkt der Kenntnis einer konkreten Rechtsverletzung m\u00f6glich. Bei bekannt werden von entsprechenden Rechtsverletzungen werden wir diese Inhalte umgehend entfernen.<\/p>\n\n\n\n<p><strong>Haftung f\u00fcr Links<\/strong><br>Unser Angebot enth\u00e4lt Links zu externen Webseiten Dritter, auf deren Inhalte wir keinen Einfluss haben. Deshalb k\u00f6nnen wir f\u00fcr diese fremden Inhalte auch keine Gew\u00e4hr \u00fcbernehmen. F\u00fcr die Inhalte der verlinkten Seiten ist stets der jeweilige Anbieter oder Betreiber der Seiten verantwortlich. Die verlinkten Seiten wurden zum Zeitpunkt der Verlinkung auf m\u00f6gliche Rechtsverst\u00f6\u00dfe \u00fcberpr\u00fcft. Rechtswidrige Inhalte waren zum Zeitpunkt der Verlinkung nicht erkennbar. Eine permanente inhaltliche Kontrolle der verlinkten Seiten ist jedoch ohne konkrete Anhaltspunkte einer Rechtsverletzung nicht zumutbar. Bei bekannt werden von Rechtsverletzungen werden wir derartige Links umgehend entfernen.<\/p>\n\n\n\n<p><strong>Urheberrecht<\/strong><br>Die Betreiber der Seiten sind bem\u00fcht, stets die Urheberrechte anderer zu beachten bzw. auf selbst erstellte sowie lizenzfreie Werke zur\u00fcckzugreifen.<\/p>\n\n\n\n<p>Die durch die Seitenbetreiber erstellten Inhalte und Werke auf diesen Seiten unterliegen dem deutschen Urheberrecht. Beitr\u00e4ge Dritter sind als solche gekennzeichnet. Die Vervielf\u00e4ltigung, Bearbeitung, Verbreitung und jede Art der Verwertung au\u00dferhalb der Grenzen des Urheberrechtes bed\u00fcrfen der schriftlichen Zustimmung des jeweiligen Autors bzw. Erstellers. Downloads und Kopien dieser Seite sind nur f\u00fcr den privaten, nicht kommerziellen Gebrauch gestattet.<\/p>\n\n\n\n<p><strong>Datenschutz<\/strong><br>Soweit auf unseren Seiten personenbezogene Daten (beispielsweise Name, Anschrift oder eMail-Adressen) erhoben werden, erfolgt dies soweit m\u00f6glich stets auf freiwilliger Basis. Die Nutzung der Angebote und Dienste ist, soweit m\u00f6glich, stets ohne Angabe personenbezogener Daten m\u00f6glich.<\/p>\n\n\n\n<p>Der Nutzung von im Rahmen der Impressumspflicht ver\u00f6ffentlichten Kontaktdaten durch Dritte zur \u00dcbersendung von nicht ausdr\u00fccklich angeforderter Werbung und Informationsmaterialien wird hiermit ausdr\u00fccklich widersprochen. Die Betreiber der Seiten behalten sich ausdr\u00fccklich rechtliche Schritte im Falle der unverlangten Zusendung von Werbeinformationen, etwa durch Spam-Mails, vor.<\/p>\n\n\n\n<p>Der Schutz Ihrer personenbezogenen Daten bei der Erhebung, Verarbeitung und Nutzung anl\u00e4sslich Ihres Besuchs auf unserer Homepage ist uns ein wichtiges Anliegen. Ihre Daten werden im Rahmen der gesetzlichen Vorschriften gesch\u00fctzt. Nachfolgend finden Sie Informationen, welche Daten w\u00e4hrend Ihres Besuchs auf der Homepage erfasst und wie diese genutzt werden:<\/p>\n\n\n\n<ol><li><strong>Erhebung und Verarbeitung von Daten<\/strong><\/li><\/ol>\n\n\n\n<p>Jeder Zugriff auf unsere Homepage und jeder Abruf einer auf der Homepage hinterlegten Datei werden protokolliert. Die Speicherung dient internen systembezogenen und statistischen Zwecken. Protokolliert werden: Name der abgerufenen Datei, Datum und Uhrzeit des Abrufs, \u00fcbertragene Datenmenge, Meldung \u00fcber erfolgreichen Abruf, Webbrowser und anfragende Domain.<\/p>\n\n\n\n<p>Zus\u00e4tzlich werden die IP Adressen der anfragenden Rechner protokolliert.<\/p>\n\n\n\n<p>Weitergehende personenbezogene Daten werden nur erfasst, wenn Sie diese Angaben freiwillig, etwa im Rahmen einer Anfrage oder Registrierung, machen.<\/p>\n\n\n\n<ol start=\"2\"><li><strong>Nutzung und Weitergabe personenbezogener Daten<\/strong><\/li><\/ol>\n\n\n\n<p>Soweit Sie uns personenbezogene Daten zur Verf\u00fcgung gestellt haben, verwenden wir diese nur zur Beantwortung Ihrer Anfragen, zur Abwicklung mit Ihnen geschlossener Vertr\u00e4ge und f\u00fcr die technische Administration.<\/p>\n\n\n\n<p>Ihre personenbezogenen Daten werden an Dritte nur weitergegeben oder sonst \u00fcbermittelt, wenn dies zum Zwecke der Vertragsabwicklung \u2013 insbesondere Weitergabe von Bestelldaten an Lieferanten \u2013 erforderlich ist, dies zu Abrechnungszwecken erforderlich ist oder Sie zuvor eingewilligt haben. Sie haben das Recht, eine erteilte Einwilligung mit Wirkung f\u00fcr die Zukunft jederzeit zu widerrufen.<\/p>\n\n\n\n<p>Die L\u00f6schung der gespeicherten personenbezogenen Daten erfolgt, wenn Sie Ihre Einwilligung zur Speicherung widerrufen, wenn ihre Kenntnis zur Erf\u00fcllung des mit der Speicherung verfolgten Zwecks nicht mehr erforderlich ist oder wenn ihre Speicherung aus sonstigen gesetzlichen Gr\u00fcnden unzul\u00e4ssig ist.<\/p>\n\n\n\n<ol start=\"3\"><li><strong>Google Analytics<\/strong><\/li><\/ol>\n\n\n\n<p>Dieser Internetauftritt benutzt <a href=\"http:\/\/de.wikipedia.org\/wiki\/Google_Analytics\">Google Analytics<\/a> von Google Inc. Google Analytics verwendet sogenannte \u201eCookies\u201c, Textdateien, die eine Analyse der Benutzung des Internetauftritts erm\u00f6glichen und Auswertungen \u00fcber die Benutzeraktivit\u00e4ten f\u00fcr den Betreiber zusammenstellen. Sie k\u00f6nnen die Installation der Cookies durch eine entsprechende Einstellung Ihrer Browsersoftware verhindern. Wir weisen Sie jedoch darauf hin, dass Sie in diesem Fall gegebenenfalls nicht alle Funktionen dieses Internetauftritts in vollem Umfang nutzen k\u00f6nnen. Durch die Nutzung dieses Internetauftritts erkl\u00e4ren Sie sich mit der Bearbeitung der \u00fcber Sie erhobenen Daten durch Google in der zuvor beschriebenen Art und Weise und zu dem zuvor benannten Zweck einverstanden.<br>Datenschutzbestimmungen von Google Inc.: <a href=\"http:\/\/www.google.com\/privacypolicy.html\">http:\/\/www.google.com\/privacypolicy.html<\/a><\/p>\n\n\n\n<ol start=\"4\"><li><strong>Auskunftsrecht<\/strong><\/li><\/ol>\n\n\n\n<p>Auf schriftliche Anfrage werden wir Sie gern \u00fcber die zu Ihrer Person gespeicherten Daten informieren.<\/p>\n","protected":false},"excerpt":{"rendered":"<p>Ferienhaus PenkertMatthias Penkert Deckerstra\u00dfe 59, 08648 HohendorfTelefon: 037438-22314Fax: 037438-22316 Internet: www.ferienhaus-penkert.deE-Mail: matthias.penkert@t-online.de Konzeption, Layoutprivat Hosting, Homepage-Baukastenby wordPress Haftung f\u00fcr InhalteDie Inhalte unserer Seiten wurden mit gr\u00f6\u00dfter Sorgfalt erstellt. F\u00fcr die Richtigkeit, Vollst\u00e4ndigkeit und Aktualit\u00e4t der Inhalte k\u00f6nnen wir jedoch keine Gew\u00e4hr \u00fcbernehmen. Als Diensteanbieter sind wir gem\u00e4\u00df \u00a7 6 Abs.1 MDStV und \u00a7 8 Abs.1&hellip; <br \/> <a class=\"read-more\" href=\"https:\/\/ferienhaus-penkert.de\/?page_id=58\">Weiterlesen<\/a><\/p>\n","protected":false},"author":1,"featured_media":0,"parent":0,"menu_order":0,"comment_status":"closed","ping_status":"closed","template":"","meta":[],"_links":{"self":[{"href":"https:\/\/ferienhaus-penkert.de\/index.php?rest_route=\/wp\/v2\/pages\/58"}],"collection":[{"href":"https:\/\/ferienhaus-penkert.de\/index.php?rest_route=\/wp\/v2\/pages"}],"about":[{"href":"https:\/\/ferienhaus-penkert.de\/index.php?rest_route=\/wp\/v2\/types\/page"}],"author":[{"embeddable":true,"href":"https:\/\/ferienhaus-penkert.de\/index.php?rest_route=\/wp\/v2\/users\/1"}],"replies":[{"embeddable":true,"href":"https:\/\/ferienhaus-penkert.de\/index.php?rest_route=%2Fwp%2Fv2%2Fcomments&post=58"}],"version-history":[{"count":2,"href":"https:\/\/ferienhaus-penkert.de\/index.php?rest_route=\/wp\/v2\/pages\/58\/revisions"}],"predecessor-version":[{"id":72,"href":"https:\/\/ferienhaus-penkert.de\/index.php?rest_route=\/wp\/v2\/pages\/58\/revisions\/72"}],"wp:attachment":[{"href":"https:\/\/ferienhaus-penkert.de\/index.php?rest_route=%2Fwp%2Fv2%2Fmedia&parent=58"}],"curies":[{"name":"wp","href":"https:\/\/api.w.org\/{rel}","templated":true}]}}